{"id":422,"date":"2024-12-27T11:43:38","date_gmt":"2024-12-27T10:43:38","guid":{"rendered":"https:\/\/new.abrasoudindustrie.fr\/?page_id=422"},"modified":"2024-12-27T11:49:57","modified_gmt":"2024-12-27T10:49:57","slug":"equipement-de-latelier","status":"publish","type":"page","link":"https:\/\/abrasoudindustrie.fr\/index.php\/equipement-de-latelier\/","title":{"rendered":"Equipement de l&rsquo;atelier"},"content":{"rendered":"\t\t<div data-elementor-type=\"wp-page\" data-elementor-id=\"422\" class=\"elementor elementor-422\">\n\t\t\t\t<div class=\"elementor-element elementor-element-7bda0c07 e-flex e-con-boxed e-con e-parent\" data-id=\"7bda0c07\" data-element_type=\"container\">\n\t\t\t\t\t<div class=\"e-con-inner\">\n\t\t\t\t<div class=\"elementor-element elementor-element-29d18c11 elementor-widget elementor-widget-heading\" data-id=\"29d18c11\" data-element_type=\"widget\" data-widget_type=\"heading.default\">\n\t\t\t\t<div class=\"elementor-widget-container\">\n\t\t\t\t\t<h2 class=\"elementor-heading-title elementor-size-default\">EQUIPEMENT DE L'ATELIER<\/h2>\t\t\t\t<\/div>\n\t\t\t\t<\/div>\n\t\t\t\t\t<\/div>\n\t\t\t\t<\/div>\n\t\t<div class=\"elementor-element elementor-element-2392c321 e-flex e-con-boxed e-con e-parent\" data-id=\"2392c321\" data-element_type=\"container\">\n\t\t\t\t\t<div class=\"e-con-inner\">\n\t\t\t\t<div class=\"elementor-element elementor-element-c6800c9 elementor-widget elementor-widget-text-editor\" data-id=\"c6800c9\" data-element_type=\"widget\" data-widget_type=\"text-editor.default\">\n\t\t\t\t<div class=\"elementor-widget-container\">\n\t\t\t\t\t\t\t\t\t<h3>Gamme machines outils pour le travail des m\u00e9taux, du d\u00e9bit \u00e0 la finition<\/h3>\t\t\t\t\t\t\t\t<\/div>\n\t\t\t\t<\/div>\n\t\t\t\t\t<\/div>\n\t\t\t\t<\/div>\n\t\t<div class=\"elementor-element elementor-element-2a5c37c9 e-flex e-con-boxed e-con e-parent\" data-id=\"2a5c37c9\" data-element_type=\"container\">\n\t\t\t\t\t<div class=\"e-con-inner\">\n\t\t\t\t<div class=\"elementor-element elementor-element-6a96c861 elementor-widget elementor-widget-image-gallery\" data-id=\"6a96c861\" data-element_type=\"widget\" data-widget_type=\"image-gallery.default\">\n\t\t\t\t<div class=\"elementor-widget-container\">\n\t\t\t\t\t\t\t<div class=\"elementor-image-gallery\">\n\t\t\t<div id='gallery-1' class='gallery galleryid-422 gallery-columns-4 gallery-size-medium'><figure class='gallery-item'>\n\t\t\t<div class='gallery-icon landscape'>\n\t\t\t\t<a data-elementor-open-lightbox=\"yes\" data-elementor-lightbox-slideshow=\"6a96c861\" data-elementor-lightbox-title=\"bauer-s280dg_1175\" data-e-action-hash=\"#elementor-action%3Aaction%3Dlightbox%26settings%3DeyJpZCI6NDQxLCJ1cmwiOiJodHRwczpcL1wvYWJyYXNvdWRpbmR1c3RyaWUuZnJcL3dwLWNvbnRlbnRcL3VwbG9hZHNcLzIwMjRcLzEyXC9iYXVlci1zMjgwZGdfMTE3NS0xLmpwZyIsInNsaWRlc2hvdyI6IjZhOTZjODYxIn0%3D\" href='https:\/\/abrasoudindustrie.fr\/wp-content\/uploads\/2024\/12\/bauer-s280dg_1175-1.jpg'><img fetchpriority=\"high\" decoding=\"async\" width=\"300\" height=\"225\" src=\"https:\/\/abrasoudindustrie.fr\/wp-content\/uploads\/2024\/12\/bauer-s280dg_1175-1-300x225.jpg\" class=\"attachment-medium size-medium\" alt=\"\" srcset=\"https:\/\/abrasoudindustrie.fr\/wp-content\/uploads\/2024\/12\/bauer-s280dg_1175-1-300x225.jpg 300w, https:\/\/abrasoudindustrie.fr\/wp-content\/uploads\/2024\/12\/bauer-s280dg_1175-1-768x576.jpg 768w, https:\/\/abrasoudindustrie.fr\/wp-content\/uploads\/2024\/12\/bauer-s280dg_1175-1.jpg 800w\" sizes=\"(max-width: 300px) 100vw, 300px\" \/><\/a>\n\t\t\t<\/div><\/figure><figure class='gallery-item'>\n\t\t\t<div class='gallery-icon portrait'>\n\t\t\t\t<a data-elementor-open-lightbox=\"yes\" data-elementor-lightbox-slideshow=\"6a96c861\" data-elementor-lightbox-title=\"20210317_145401_1192\" data-e-action-hash=\"#elementor-action%3Aaction%3Dlightbox%26settings%3DeyJpZCI6NDI4LCJ1cmwiOiJodHRwczpcL1wvYWJyYXNvdWRpbmR1c3RyaWUuZnJcL3dwLWNvbnRlbnRcL3VwbG9hZHNcLzIwMjRcLzEyXC8yMDIxMDMxN18xNDU0MDFfMTE5Mi1zY2FsZWQuanBnIiwic2xpZGVzaG93IjoiNmE5NmM4NjEifQ%3D%3D\" href='https:\/\/abrasoudindustrie.fr\/wp-content\/uploads\/2024\/12\/20210317_145401_1192-scaled.jpg'><img decoding=\"async\" width=\"225\" height=\"300\" src=\"https:\/\/abrasoudindustrie.fr\/wp-content\/uploads\/2024\/12\/20210317_145401_1192-225x300.jpg\" class=\"attachment-medium size-medium\" alt=\"\" srcset=\"https:\/\/abrasoudindustrie.fr\/wp-content\/uploads\/2024\/12\/20210317_145401_1192-225x300.jpg 225w, https:\/\/abrasoudindustrie.fr\/wp-content\/uploads\/2024\/12\/20210317_145401_1192-768x1024.jpg 768w, https:\/\/abrasoudindustrie.fr\/wp-content\/uploads\/2024\/12\/20210317_145401_1192-1152x1536.jpg 1152w, https:\/\/abrasoudindustrie.fr\/wp-content\/uploads\/2024\/12\/20210317_145401_1192-1536x2048.jpg 1536w, https:\/\/abrasoudindustrie.fr\/wp-content\/uploads\/2024\/12\/20210317_145401_1192-scaled.jpg 1920w\" sizes=\"(max-width: 225px) 100vw, 225px\" \/><\/a>\n\t\t\t<\/div><\/figure><figure class='gallery-item'>\n\t\t\t<div class='gallery-icon landscape'>\n\t\t\t\t<a data-elementor-open-lightbox=\"yes\" data-elementor-lightbox-slideshow=\"6a96c861\" data-elementor-lightbox-title=\"table-de-soudage_1196\" data-e-action-hash=\"#elementor-action%3Aaction%3Dlightbox%26settings%3DeyJpZCI6NDI5LCJ1cmwiOiJodHRwczpcL1wvYWJyYXNvdWRpbmR1c3RyaWUuZnJcL3dwLWNvbnRlbnRcL3VwbG9hZHNcLzIwMjRcLzEyXC90YWJsZS1kZS1zb3VkYWdlXzExOTYuanBnIiwic2xpZGVzaG93IjoiNmE5NmM4NjEifQ%3D%3D\" href='https:\/\/abrasoudindustrie.fr\/wp-content\/uploads\/2024\/12\/table-de-soudage_1196.jpg'><img decoding=\"async\" width=\"300\" height=\"211\" src=\"https:\/\/abrasoudindustrie.fr\/wp-content\/uploads\/2024\/12\/table-de-soudage_1196-300x211.jpg\" class=\"attachment-medium size-medium\" alt=\"\" srcset=\"https:\/\/abrasoudindustrie.fr\/wp-content\/uploads\/2024\/12\/table-de-soudage_1196-300x211.jpg 300w, https:\/\/abrasoudindustrie.fr\/wp-content\/uploads\/2024\/12\/table-de-soudage_1196-1024x722.jpg 1024w, https:\/\/abrasoudindustrie.fr\/wp-content\/uploads\/2024\/12\/table-de-soudage_1196-768x541.jpg 768w, https:\/\/abrasoudindustrie.fr\/wp-content\/uploads\/2024\/12\/table-de-soudage_1196-1536x1082.jpg 1536w, https:\/\/abrasoudindustrie.fr\/wp-content\/uploads\/2024\/12\/table-de-soudage_1196-2048x1443.jpg 2048w\" sizes=\"(max-width: 300px) 100vw, 300px\" \/><\/a>\n\t\t\t<\/div><\/figure><figure class='gallery-item'>\n\t\t\t<div class='gallery-icon landscape'>\n\t\t\t\t<a data-elementor-open-lightbox=\"yes\" data-elementor-lightbox-slideshow=\"6a96c861\" data-elementor-lightbox-title=\"fraiseuse-optimum-mb-4-1_1198\" data-e-action-hash=\"#elementor-action%3Aaction%3Dlightbox%26settings%3DeyJpZCI6NDM4LCJ1cmwiOiJodHRwczpcL1wvYWJyYXNvdWRpbmR1c3RyaWUuZnJcL3dwLWNvbnRlbnRcL3VwbG9hZHNcLzIwMjRcLzEyXC9mcmFpc2V1c2Utb3B0aW11bS1tYi00LTFfMTE5OC5qcGciLCJzbGlkZXNob3ciOiI2YTk2Yzg2MSJ9\" href='https:\/\/abrasoudindustrie.fr\/wp-content\/uploads\/2024\/12\/fraiseuse-optimum-mb-4-1_1198.jpg'><img loading=\"lazy\" decoding=\"async\" width=\"300\" height=\"300\" src=\"https:\/\/abrasoudindustrie.fr\/wp-content\/uploads\/2024\/12\/fraiseuse-optimum-mb-4-1_1198-300x300.jpg\" class=\"attachment-medium size-medium\" alt=\"\" srcset=\"https:\/\/abrasoudindustrie.fr\/wp-content\/uploads\/2024\/12\/fraiseuse-optimum-mb-4-1_1198-300x300.jpg 300w, https:\/\/abrasoudindustrie.fr\/wp-content\/uploads\/2024\/12\/fraiseuse-optimum-mb-4-1_1198-150x150.jpg 150w, https:\/\/abrasoudindustrie.fr\/wp-content\/uploads\/2024\/12\/fraiseuse-optimum-mb-4-1_1198-768x768.jpg 768w, https:\/\/abrasoudindustrie.fr\/wp-content\/uploads\/2024\/12\/fraiseuse-optimum-mb-4-1_1198.jpg 800w\" sizes=\"(max-width: 300px) 100vw, 300px\" \/><\/a>\n\t\t\t<\/div><\/figure><figure class='gallery-item'>\n\t\t\t<div class='gallery-icon landscape'>\n\t\t\t\t<a data-elementor-open-lightbox=\"yes\" data-elementor-lightbox-slideshow=\"6a96c861\" data-elementor-lightbox-title=\"213888_1264\" data-e-action-hash=\"#elementor-action%3Aaction%3Dlightbox%26settings%3DeyJpZCI6NDM0LCJ1cmwiOiJodHRwczpcL1wvYWJyYXNvdWRpbmR1c3RyaWUuZnJcL3dwLWNvbnRlbnRcL3VwbG9hZHNcLzIwMjRcLzEyXC8yMTM4ODhfMTI2NC5wbmciLCJzbGlkZXNob3ciOiI2YTk2Yzg2MSJ9\" href='https:\/\/abrasoudindustrie.fr\/wp-content\/uploads\/2024\/12\/213888_1264.png'><img loading=\"lazy\" decoding=\"async\" width=\"300\" height=\"300\" src=\"https:\/\/abrasoudindustrie.fr\/wp-content\/uploads\/2024\/12\/213888_1264-300x300.png\" class=\"attachment-medium size-medium\" alt=\"\" srcset=\"https:\/\/abrasoudindustrie.fr\/wp-content\/uploads\/2024\/12\/213888_1264-300x300.png 300w, https:\/\/abrasoudindustrie.fr\/wp-content\/uploads\/2024\/12\/213888_1264-150x150.png 150w, https:\/\/abrasoudindustrie.fr\/wp-content\/uploads\/2024\/12\/213888_1264.png 515w\" sizes=\"(max-width: 300px) 100vw, 300px\" \/><\/a>\n\t\t\t<\/div><\/figure><figure class='gallery-item'>\n\t\t\t<div class='gallery-icon landscape'>\n\t\t\t\t<a data-elementor-open-lightbox=\"yes\" data-elementor-lightbox-slideshow=\"6a96c861\" data-elementor-lightbox-title=\"495010_1266\" data-e-action-hash=\"#elementor-action%3Aaction%3Dlightbox%26settings%3DeyJpZCI6NDI0LCJ1cmwiOiJodHRwczpcL1wvYWJyYXNvdWRpbmR1c3RyaWUuZnJcL3dwLWNvbnRlbnRcL3VwbG9hZHNcLzIwMjRcLzEyXC80OTUwMTBfMTI2Ni5wbmciLCJzbGlkZXNob3ciOiI2YTk2Yzg2MSJ9\" href='https:\/\/abrasoudindustrie.fr\/wp-content\/uploads\/2024\/12\/495010_1266.png'><img loading=\"lazy\" decoding=\"async\" width=\"300\" height=\"300\" src=\"https:\/\/abrasoudindustrie.fr\/wp-content\/uploads\/2024\/12\/495010_1266-300x300.png\" class=\"attachment-medium size-medium\" alt=\"\" srcset=\"https:\/\/abrasoudindustrie.fr\/wp-content\/uploads\/2024\/12\/495010_1266-300x300.png 300w, https:\/\/abrasoudindustrie.fr\/wp-content\/uploads\/2024\/12\/495010_1266-150x150.png 150w, https:\/\/abrasoudindustrie.fr\/wp-content\/uploads\/2024\/12\/495010_1266.png 567w\" sizes=\"(max-width: 300px) 100vw, 300px\" \/><\/a>\n\t\t\t<\/div><\/figure><figure class='gallery-item'>\n\t\t\t<div class='gallery-icon landscape'>\n\t\t\t\t<a data-elementor-open-lightbox=\"yes\" data-elementor-lightbox-slideshow=\"6a96c861\" data-elementor-lightbox-title=\"600560t3_1267\" data-e-action-hash=\"#elementor-action%3Aaction%3Dlightbox%26settings%3DeyJpZCI6NDM1LCJ1cmwiOiJodHRwczpcL1wvYWJyYXNvdWRpbmR1c3RyaWUuZnJcL3dwLWNvbnRlbnRcL3VwbG9hZHNcLzIwMjRcLzEyXC82MDA1NjB0M18xMjY3LnBuZyIsInNsaWRlc2hvdyI6IjZhOTZjODYxIn0%3D\" href='https:\/\/abrasoudindustrie.fr\/wp-content\/uploads\/2024\/12\/600560t3_1267.png'><img loading=\"lazy\" decoding=\"async\" width=\"300\" height=\"300\" src=\"https:\/\/abrasoudindustrie.fr\/wp-content\/uploads\/2024\/12\/600560t3_1267-300x300.png\" class=\"attachment-medium size-medium\" alt=\"\" srcset=\"https:\/\/abrasoudindustrie.fr\/wp-content\/uploads\/2024\/12\/600560t3_1267-300x300.png 300w, https:\/\/abrasoudindustrie.fr\/wp-content\/uploads\/2024\/12\/600560t3_1267-1024x1024.png 1024w, https:\/\/abrasoudindustrie.fr\/wp-content\/uploads\/2024\/12\/600560t3_1267-150x150.png 150w, https:\/\/abrasoudindustrie.fr\/wp-content\/uploads\/2024\/12\/600560t3_1267-768x768.png 768w, https:\/\/abrasoudindustrie.fr\/wp-content\/uploads\/2024\/12\/600560t3_1267.png 1181w\" sizes=\"(max-width: 300px) 100vw, 300px\" \/><\/a>\n\t\t\t<\/div><\/figure><figure class='gallery-item'>\n\t\t\t<div class='gallery-icon landscape'>\n\t\t\t\t<a data-elementor-open-lightbox=\"yes\" data-elementor-lightbox-slideshow=\"6a96c861\" data-elementor-lightbox-title=\"608280i_1268\" data-e-action-hash=\"#elementor-action%3Aaction%3Dlightbox%26settings%3DeyJpZCI6NDQwLCJ1cmwiOiJodHRwczpcL1wvYWJyYXNvdWRpbmR1c3RyaWUuZnJcL3dwLWNvbnRlbnRcL3VwbG9hZHNcLzIwMjRcLzEyXC82MDgyODBpXzEyNjgucG5nIiwic2xpZGVzaG93IjoiNmE5NmM4NjEifQ%3D%3D\" href='https:\/\/abrasoudindustrie.fr\/wp-content\/uploads\/2024\/12\/608280i_1268.png'><img loading=\"lazy\" decoding=\"async\" width=\"300\" height=\"300\" src=\"https:\/\/abrasoudindustrie.fr\/wp-content\/uploads\/2024\/12\/608280i_1268-300x300.png\" class=\"attachment-medium size-medium\" alt=\"\" srcset=\"https:\/\/abrasoudindustrie.fr\/wp-content\/uploads\/2024\/12\/608280i_1268-300x300.png 300w, https:\/\/abrasoudindustrie.fr\/wp-content\/uploads\/2024\/12\/608280i_1268-150x150.png 150w, https:\/\/abrasoudindustrie.fr\/wp-content\/uploads\/2024\/12\/608280i_1268.png 567w\" sizes=\"(max-width: 300px) 100vw, 300px\" \/><\/a>\n\t\t\t<\/div><\/figure><figure class='gallery-item'>\n\t\t\t<div class='gallery-icon landscape'>\n\t\t\t\t<a data-elementor-open-lightbox=\"yes\" data-elementor-lightbox-slideshow=\"6a96c861\" data-elementor-lightbox-title=\"satineuse_1317\" data-e-action-hash=\"#elementor-action%3Aaction%3Dlightbox%26settings%3DeyJpZCI6NDMwLCJ1cmwiOiJodHRwczpcL1wvYWJyYXNvdWRpbmR1c3RyaWUuZnJcL3dwLWNvbnRlbnRcL3VwbG9hZHNcLzIwMjRcLzEyXC9zYXRpbmV1c2VfMTMxNy5qcGciLCJzbGlkZXNob3ciOiI2YTk2Yzg2MSJ9\" href='https:\/\/abrasoudindustrie.fr\/wp-content\/uploads\/2024\/12\/satineuse_1317.jpg'><img loading=\"lazy\" decoding=\"async\" width=\"300\" height=\"200\" src=\"https:\/\/abrasoudindustrie.fr\/wp-content\/uploads\/2024\/12\/satineuse_1317-300x200.jpg\" class=\"attachment-medium size-medium\" alt=\"\" srcset=\"https:\/\/abrasoudindustrie.fr\/wp-content\/uploads\/2024\/12\/satineuse_1317-300x200.jpg 300w, https:\/\/abrasoudindustrie.fr\/wp-content\/uploads\/2024\/12\/satineuse_1317-1024x683.jpg 1024w, https:\/\/abrasoudindustrie.fr\/wp-content\/uploads\/2024\/12\/satineuse_1317-768x512.jpg 768w, https:\/\/abrasoudindustrie.fr\/wp-content\/uploads\/2024\/12\/satineuse_1317.jpg 1200w\" sizes=\"(max-width: 300px) 100vw, 300px\" \/><\/a>\n\t\t\t<\/div><\/figure><figure class='gallery-item'>\n\t\t\t<div class='gallery-icon landscape'>\n\t\t\t\t<a data-elementor-open-lightbox=\"yes\" data-elementor-lightbox-slideshow=\"6a96c861\" data-elementor-lightbox-title=\"combo-set-2-4-2-18-v-8503900s_51_n_1320\" data-e-action-hash=\"#elementor-action%3Aaction%3Dlightbox%26settings%3DeyJpZCI6NDMxLCJ1cmwiOiJodHRwczpcL1wvYWJyYXNvdWRpbmR1c3RyaWUuZnJcL3dwLWNvbnRlbnRcL3VwbG9hZHNcLzIwMjRcLzEyXC9jb21iby1zZXQtMi00LTItMTgtdi04NTAzOTAwc181MV9uXzEzMjAuanBnIiwic2xpZGVzaG93IjoiNmE5NmM4NjEifQ%3D%3D\" href='https:\/\/abrasoudindustrie.fr\/wp-content\/uploads\/2024\/12\/combo-set-2-4-2-18-v-8503900s_51_n_1320.jpg'><img loading=\"lazy\" decoding=\"async\" width=\"300\" height=\"200\" src=\"https:\/\/abrasoudindustrie.fr\/wp-content\/uploads\/2024\/12\/combo-set-2-4-2-18-v-8503900s_51_n_1320-300x200.jpg\" class=\"attachment-medium size-medium\" alt=\"\" srcset=\"https:\/\/abrasoudindustrie.fr\/wp-content\/uploads\/2024\/12\/combo-set-2-4-2-18-v-8503900s_51_n_1320-300x200.jpg 300w, https:\/\/abrasoudindustrie.fr\/wp-content\/uploads\/2024\/12\/combo-set-2-4-2-18-v-8503900s_51_n_1320-1024x683.jpg 1024w, https:\/\/abrasoudindustrie.fr\/wp-content\/uploads\/2024\/12\/combo-set-2-4-2-18-v-8503900s_51_n_1320-768x512.jpg 768w, https:\/\/abrasoudindustrie.fr\/wp-content\/uploads\/2024\/12\/combo-set-2-4-2-18-v-8503900s_51_n_1320.jpg 1200w\" sizes=\"(max-width: 300px) 100vw, 300px\" \/><\/a>\n\t\t\t<\/div><\/figure><figure class='gallery-item'>\n\t\t\t<div class='gallery-icon landscape'>\n\t\t\t\t<a data-elementor-open-lightbox=\"yes\" data-elementor-lightbox-slideshow=\"6a96c861\" data-elementor-lightbox-title=\"wpb-13-125-quick-0363100s_51_1319\" data-e-action-hash=\"#elementor-action%3Aaction%3Dlightbox%26settings%3DeyJpZCI6NDMyLCJ1cmwiOiJodHRwczpcL1wvYWJyYXNvdWRpbmR1c3RyaWUuZnJcL3dwLWNvbnRlbnRcL3VwbG9hZHNcLzIwMjRcLzEyXC93cGItMTMtMTI1LXF1aWNrLTAzNjMxMDBzXzUxXzEzMTkuanBnIiwic2xpZGVzaG93IjoiNmE5NmM4NjEifQ%3D%3D\" href='https:\/\/abrasoudindustrie.fr\/wp-content\/uploads\/2024\/12\/wpb-13-125-quick-0363100s_51_1319.jpg'><img loading=\"lazy\" decoding=\"async\" width=\"300\" height=\"200\" src=\"https:\/\/abrasoudindustrie.fr\/wp-content\/uploads\/2024\/12\/wpb-13-125-quick-0363100s_51_1319-300x200.jpg\" class=\"attachment-medium size-medium\" alt=\"\" srcset=\"https:\/\/abrasoudindustrie.fr\/wp-content\/uploads\/2024\/12\/wpb-13-125-quick-0363100s_51_1319-300x200.jpg 300w, https:\/\/abrasoudindustrie.fr\/wp-content\/uploads\/2024\/12\/wpb-13-125-quick-0363100s_51_1319-1024x683.jpg 1024w, https:\/\/abrasoudindustrie.fr\/wp-content\/uploads\/2024\/12\/wpb-13-125-quick-0363100s_51_1319-768x512.jpg 768w, https:\/\/abrasoudindustrie.fr\/wp-content\/uploads\/2024\/12\/wpb-13-125-quick-0363100s_51_1319.jpg 1200w\" sizes=\"(max-width: 300px) 100vw, 300px\" \/><\/a>\n\t\t\t<\/div><\/figure><figure class='gallery-item'>\n\t\t\t<div class='gallery-icon landscape'>\n\t\t\t\t<a data-elementor-open-lightbox=\"yes\" data-elementor-lightbox-slideshow=\"6a96c861\" data-elementor-lightbox-title=\"kns-18-ltx-150-0019185s_51n_1318\" data-e-action-hash=\"#elementor-action%3Aaction%3Dlightbox%26settings%3DeyJpZCI6NDMzLCJ1cmwiOiJodHRwczpcL1wvYWJyYXNvdWRpbmR1c3RyaWUuZnJcL3dwLWNvbnRlbnRcL3VwbG9hZHNcLzIwMjRcLzEyXC9rbnMtMTgtbHR4LTE1MC0wMDE5MTg1c181MW5fMTMxOC5qcGciLCJzbGlkZXNob3ciOiI2YTk2Yzg2MSJ9\" href='https:\/\/abrasoudindustrie.fr\/wp-content\/uploads\/2024\/12\/kns-18-ltx-150-0019185s_51n_1318.jpg'><img loading=\"lazy\" decoding=\"async\" width=\"300\" height=\"185\" src=\"https:\/\/abrasoudindustrie.fr\/wp-content\/uploads\/2024\/12\/kns-18-ltx-150-0019185s_51n_1318-300x185.jpg\" class=\"attachment-medium size-medium\" alt=\"\" srcset=\"https:\/\/abrasoudindustrie.fr\/wp-content\/uploads\/2024\/12\/kns-18-ltx-150-0019185s_51n_1318-300x185.jpg 300w, https:\/\/abrasoudindustrie.fr\/wp-content\/uploads\/2024\/12\/kns-18-ltx-150-0019185s_51n_1318-768x474.jpg 768w, https:\/\/abrasoudindustrie.fr\/wp-content\/uploads\/2024\/12\/kns-18-ltx-150-0019185s_51n_1318.jpg 991w\" sizes=\"(max-width: 300px) 100vw, 300px\" \/><\/a>\n\t\t\t<\/div><\/figure>\n\t\t<\/div>\n\t\t<\/div>\n\t\t\t\t\t\t<\/div>\n\t\t\t\t<\/div>\n\t\t\t\t\t<\/div>\n\t\t\t\t<\/div>\n\t\t<div class=\"elementor-element elementor-element-4666939c e-flex e-con-boxed e-con e-parent\" data-id=\"4666939c\" data-element_type=\"container\">\n\t\t\t\t\t<div class=\"e-con-inner\">\n\t\t\t\t<div class=\"elementor-element elementor-element-12722195 elementor-widget-divider--view-line elementor-widget elementor-widget-divider\" data-id=\"12722195\" data-element_type=\"widget\" data-widget_type=\"divider.default\">\n\t\t\t\t<div class=\"elementor-widget-container\">\n\t\t\t\t\t\t\t<div class=\"elementor-divider\">\n\t\t\t<span class=\"elementor-divider-separator\">\n\t\t\t\t\t\t<\/span>\n\t\t<\/div>\n\t\t\t\t\t\t<\/div>\n\t\t\t\t<\/div>\n\t\t\t\t\t<\/div>\n\t\t\t\t<\/div>\n\t\t<div class=\"elementor-element elementor-element-4af116cf e-grid e-con-boxed e-con e-parent\" data-id=\"4af116cf\" data-element_type=\"container\">\n\t\t\t\t\t<div class=\"e-con-inner\">\n\t\t\t\t<div class=\"elementor-element elementor-element-5d327f89 elementor-position-top elementor-widget elementor-widget-image-box\" data-id=\"5d327f89\" data-element_type=\"widget\" data-widget_type=\"image-box.default\">\n\t\t\t\t<div class=\"elementor-widget-container\">\n\t\t\t\t\t<div class=\"elementor-image-box-wrapper\"><figure class=\"elementor-image-box-img\"><img loading=\"lazy\" decoding=\"async\" width=\"300\" height=\"128\" src=\"https:\/\/abrasoudindustrie.fr\/wp-content\/uploads\/2024\/12\/logo-slider_1125-300x128.png\" class=\"attachment-medium size-medium wp-image-49\" alt=\"\" srcset=\"https:\/\/abrasoudindustrie.fr\/wp-content\/uploads\/2024\/12\/logo-slider_1125-300x128.png 300w, https:\/\/abrasoudindustrie.fr\/wp-content\/uploads\/2024\/12\/logo-slider_1125.png 460w\" sizes=\"(max-width: 300px) 100vw, 300px\" \/><\/figure><div class=\"elementor-image-box-content\"><p class=\"elementor-image-box-description\"><b>rue Pierre et Marie Curie\nZA Pont Martin\n 53950 LOUVERN\u00c9<\/b>\n\nTel: 02 43 68  26 76 - Fax: 02 43 68 26 48\n\nMail: abrasoudindustrie@orange.fr<\/p><\/div><\/div>\t\t\t\t<\/div>\n\t\t\t\t<\/div>\n\t\t\t\t<div class=\"elementor-element elementor-element-26f84aa4 elementor-widget elementor-widget-html\" data-id=\"26f84aa4\" data-element_type=\"widget\" data-widget_type=\"html.default\">\n\t\t\t\t<div class=\"elementor-widget-container\">\n\t\t\t\t\t<iframe src=\"https:\/\/www.google.com\/maps\/embed?pb=!1m14!1m8!1m3!1d5027.231611055713!2d-0.7132200841591555!3d48.1279220970911!3m2!1i1024!2i768!4f13.1!3m3!1m2!1s0x4809010889fa9c07%3A0xb45978924a4611f7!2sAbra-Soud&#39;Industrie!5e0!3m2!1sfr!2sfr!4v1733769705335!5m2!1sfr!2sfr\" width=\"280\" height=\"420\" style=\"border:0;\" allowfullscreen=\"\" loading=\"lazy\" referrerpolicy=\"no-referrer-when-downgrade\"><\/iframe>\t\t\t\t<\/div>\n\t\t\t\t<\/div>\n\t\t\t\t<div class=\"elementor-element elementor-element-55c28445 elementor-widget elementor-widget-html\" data-id=\"55c28445\" data-element_type=\"widget\" data-widget_type=\"html.default\">\n\t\t\t\t<div class=\"elementor-widget-container\">\n\t\t\t\t\t<h5>Nous contacter<\/h5>\r\n                           <form enctype=\"multipart\/form-data\">\r\n                                <fieldset>\r\n                                        <input type=\"hidden\" name=\"action\" value=\"contact_send\" \/>\r\n                                                <div class=\"col-md-12\">\r\n                                                    <label for=\"email\">E-mail<\/label>\r\n                                                    <input required type=\"email\" value=\"\" class=\"form-control\" name=\"email\" id=\"email\">\r\n                                                <\/div>\r\n                                                <div class=\"col-md-12\">\r\n                                                    <label for=\"message\">Votre Message<\/label>\r\n                                                    <textarea required maxlength=\"10000\" rows=\"8\" class=\"form-control\" name=\"message\" id=\"message\"><\/textarea>\r\n                                                <\/div>\r\n                                  <\/fieldset>\r\n                                    <div class=\"row\">\r\n                                        <div class=\"col-md-12\">\r\n                                            <button onclick=\"envoie_form()\" type=\"submit\" class=\"\"><i class=\"fa fa-check\"><\/i> ENVOYER<\/button>\r\n                                        <\/div>\r\n                                    <\/div>\r\n                                <\/form>\r\n                                  <script>\r\n      function envoie_form() {\r\n        var input = document.getElementById('email');\r\n        email = input.value;\r\n        var input = document.getElementById('message');\r\n        message = input.value;\r\n\t\t   if(email && message)\r\n\t\t\t  window.location.href = \"mailto:abrasoudindustrie@orange.fr?subject=\" + message;\r\n\t\t   else\r\n\t\t   {\r\n\t\t\t  alert(\"Veuillez remplir tous les champs\");\r\n\t\t   }\r\n      }\r\n    <\/script>\t\t\t\t<\/div>\n\t\t\t\t<\/div>\n\t\t\t\t\t<\/div>\n\t\t\t\t<\/div>\n\t\t\t\t<\/div>\n\t\t","protected":false},"excerpt":{"rendered":"<p>EQUIPEMENT DE L&rsquo;ATELIER Gamme machines outils pour le travail des m\u00e9taux, du d\u00e9bit \u00e0 la finition rue Pierre et Marie Curie ZA Pont Martin 53950 LOUVERN\u00c9 Tel: 02 43 68 26 76 &#8211; Fax: 02 43 68 26 48 Mail: abrasoudindustrie@orange.fr Nous contacter E-mail Votre Message ENVOYER<\/p>\n","protected":false},"author":1,"featured_media":0,"parent":0,"menu_order":0,"comment_status":"closed","ping_status":"closed","template":"","meta":{"footnotes":""},"class_list":["post-422","page","type-page","status-publish","hentry"],"_links":{"self":[{"href":"https:\/\/abrasoudindustrie.fr\/index.php\/wp-json\/wp\/v2\/pages\/422","targetHints":{"allow":["GET"]}}],"collection":[{"href":"https:\/\/abrasoudindustrie.fr\/index.php\/wp-json\/wp\/v2\/pages"}],"about":[{"href":"https:\/\/abrasoudindustrie.fr\/index.php\/wp-json\/wp\/v2\/types\/page"}],"author":[{"embeddable":true,"href":"https:\/\/abrasoudindustrie.fr\/index.php\/wp-json\/wp\/v2\/users\/1"}],"replies":[{"embeddable":true,"href":"https:\/\/abrasoudindustrie.fr\/index.php\/wp-json\/wp\/v2\/comments?post=422"}],"version-history":[{"count":4,"href":"https:\/\/abrasoudindustrie.fr\/index.php\/wp-json\/wp\/v2\/pages\/422\/revisions"}],"predecessor-version":[{"id":445,"href":"https:\/\/abrasoudindustrie.fr\/index.php\/wp-json\/wp\/v2\/pages\/422\/revisions\/445"}],"wp:attachment":[{"href":"https:\/\/abrasoudindustrie.fr\/index.php\/wp-json\/wp\/v2\/media?parent=422"}],"curies":[{"name":"wp","href":"https:\/\/api.w.org\/{rel}","templated":true}]}}